{"id":160,"date":"2023-11-01T11:47:06","date_gmt":"2023-11-01T10:47:06","guid":{"rendered":"https:\/\/wegkreuzungen.de\/?page_id=160"},"modified":"2023-11-01T12:34:00","modified_gmt":"2023-11-01T11:34:00","slug":"impressum","status":"publish","type":"page","link":"https:\/\/wegkreuzungen.de\/?page_id=160","title":{"rendered":"Impressum"},"content":{"rendered":"\t\t<div data-elementor-type=\"wp-page\" data-elementor-id=\"160\" class=\"elementor elementor-160\">\n\t\t\t\t<div class=\"elementor-element elementor-element-037591f e-flex e-con-boxed e-con e-parent\" data-id=\"037591f\" data-element_type=\"container\">\n\t\t\t\t\t<div class=\"e-con-inner\">\n\t\t\t\t<div class=\"elementor-element elementor-element-dfac0df elementor-widget elementor-widget-text-editor\" data-id=\"dfac0df\" data-element_type=\"widget\" data-widget_type=\"text-editor.default\">\n\t\t\t\t<div class=\"elementor-widget-container\">\n\t\t\t\t\t\t\t\t\t<h1 class=\"western\">Impressum<\/h1><h2 class=\"western\"><a name=\"m46\"><\/a>Diensteanbieter<\/h2><p>Georg Dangel<\/p><p>Dorfstr. 45<\/p><p>79232 March<\/p><p>Deutschland<\/p><h2 class=\"western\"><a name=\"m56\"><\/a>Kontaktm\u00f6glichkeiten<\/h2><p>E-Mail-Adresse:<\/p><p><a href=\"mailto:georgdangel@web.de\">georgdangel@web.de<\/a><\/p><p>Telefon:<\/p><p>07665941186<\/p><h2 class=\"western\"><a name=\"m153\"><\/a>Vertretungsberechtigte Personen<\/h2><p>Vertretungsberechtigt:<\/p><p>Georg Dangel<\/p><h2 class=\"western\"><a name=\"m154\"><\/a>Journalistisch-redaktionelle Angebote<\/h2><p>Inhaltlich verantwortlich:<\/p><p>Georg Dangel<\/p><h2 class=\"western\"><a name=\"m65\"><\/a>Haftungs- und Schutzrechtshinweise<\/h2><p>Haftungsausschluss: Die Inhalte dieses Onlineangebotes wurden sorgf\u00e4ltig und nach unserem aktuellen Kenntnisstand erstellt, dienen jedoch nur der Information und entfalten keine rechtlich bindende Wirkung, sofern es sich nicht um gesetzlich verpflichtende Informationen (z.\u00a0B. das Impressum, die Datenschutzerkl\u00e4rung, AGB oder verpflichtende Belehrungen von Verbrauchern) handelt. Wir behalten uns vor, die Inhalte vollst\u00e4ndig oder teilweise zu \u00e4ndern oder zu l\u00f6schen, soweit vertragliche Verpflichtungen unber\u00fchrt bleiben. Alle Angebote sind freibleibend und unverbindlich.<\/p><p>Hinweise auf Rechtsverst\u00f6\u00dfe: Sollten Sie innerhalb unseres Internetauftritts Rechtsverst\u00f6\u00dfe bemerken, bitten wir Sie uns auf diese hinzuweisen. Wir werden rechtswidrige Inhalte und Links nach Kenntnisnahme unverz\u00fcglich entfernen.<\/p><p><a href=\"https:\/\/datenschutz-generator.de\/\" target=\"_blank\" rel=\"noopener\">Erstellt mit kostenlosem Datenschutz-Generator.de von Dr. Thomas Schwenke<\/a><\/p>\t\t\t\t\t\t\t\t<\/div>\n\t\t\t\t<\/div>\n\t\t\t\t\t<\/div>\n\t\t\t\t<\/div>\n\t\t\t\t<\/div>\n\t\t","protected":false},"excerpt":{"rendered":"<p>Impressum Diensteanbieter Georg Dangel Dorfstr. 45 79232 March Deutschland Kontaktm\u00f6glichkeiten E-Mail-Adresse: georgdangel@web.de Telefon: 07665941186 Vertretungsberechtigte Personen Vertretungsberechtigt: Georg Dangel Journalistisch-redaktionelle Angebote Inhaltlich verantwortlich: Georg Dangel Haftungs- und Schutzrechtshinweise Haftungsausschluss: Die Inhalte dieses Onlineangebotes wurden sorgf\u00e4ltig und nach unserem aktuellen Kenntnisstand erstellt, dienen jedoch nur der Information und entfalten keine rechtlich bindende Wirkung, sofern es sich nicht um gesetzlich verpflichtende Informationen (z.\u00a0B. das Impressum, die Datenschutzerkl\u00e4rung, AGB oder verpflichtende Belehrungen von Verbrauchern) handelt. Wir behalten uns vor, die Inhalte vollst\u00e4ndig oder&#8230;<\/p>\n<p class=\"read-more\"><a class=\"btn btn-default\" href=\"https:\/\/wegkreuzungen.de\/?page_id=160\">Weiterlesen<span class=\"screen-reader-text\"> Weiterlesen<\/span><\/a><\/p>\n","protected":false},"author":1,"featured_media":0,"parent":0,"menu_order":1,"comment_status":"closed","ping_status":"closed","template":"","meta":{"footnotes":""},"class_list":["post-160","page","type-page","status-publish","hentry"],"_links":{"self":[{"href":"https:\/\/wegkreuzungen.de\/index.php?rest_route=\/wp\/v2\/pages\/160","targetHints":{"allow":["GET"]}}],"collection":[{"href":"https:\/\/wegkreuzungen.de\/index.php?rest_route=\/wp\/v2\/pages"}],"about":[{"href":"https:\/\/wegkreuzungen.de\/index.php?rest_route=\/wp\/v2\/types\/page"}],"author":[{"embeddable":true,"href":"https:\/\/wegkreuzungen.de\/index.php?rest_route=\/wp\/v2\/users\/1"}],"replies":[{"embeddable":true,"href":"https:\/\/wegkreuzungen.de\/index.php?rest_route=%2Fwp%2Fv2%2Fcomments&post=160"}],"version-history":[{"count":5,"href":"https:\/\/wegkreuzungen.de\/index.php?rest_route=\/wp\/v2\/pages\/160\/revisions"}],"predecessor-version":[{"id":215,"href":"https:\/\/wegkreuzungen.de\/index.php?rest_route=\/wp\/v2\/pages\/160\/revisions\/215"}],"wp:attachment":[{"href":"https:\/\/wegkreuzungen.de\/index.php?rest_route=%2Fwp%2Fv2%2Fmedia&parent=160"}],"curies":[{"name":"wp","href":"https:\/\/api.w.org\/{rel}","templated":true}]}}